{"id":907,"date":"2021-07-20T10:57:58","date_gmt":"2021-07-20T08:57:58","guid":{"rendered":"https:\/\/www.cc-protection.com\/beispiel-seite\/"},"modified":"2021-10-21T11:51:21","modified_gmt":"2021-10-21T09:51:21","slug":"beispiel-seite","status":"publish","type":"page","link":"https:\/\/www.cc-protection.com\/en\/beispiel-seite\/","title":{"rendered":"Beispiel-Seite EN"},"content":{"rendered":"\n<p>Dies ist eine Beispiel-Seite auf EN. Sie unterscheidet sich von Beitr\u00e4gen, da sie stets an derselben Stelle bleibt und (bei den meisten Themes) in der Website-Navigation angezeigt wird. Die meisten starten mit einem Impressum, der Datenschutzerkl\u00e4rung oder einer \u201e\u00dcber\u00a0uns\u201c-Seite, um sich potenziellen Besuchern der Website vorzustellen. Dort k\u00f6nnte zum Beispiel stehen:<\/p>\n\n\n\n<blockquote class=\"wp-block-quote is-layout-flow wp-block-quote-is-layout-flow\"><p>Hallo! Tags\u00fcber arbeite ich als Fahrradkurier, nachts bin ich ein aufstrebender Schauspieler und dies hier ist meine Website. Ich lebe in Berlin, habe einen gro\u00dfen Hund namens Jack, mag Pi\u00f1a Coladas, jedoch weniger (ohne Schirm) im Regen stehen gelassen zu werden.<\/p><\/blockquote>\n\n\n\n<p>&#8230;oder so etwas wie das hier:<\/p>\n\n\n\n<blockquote class=\"wp-block-quote is-layout-flow wp-block-quote-is-layout-flow\"><p>Das Unternehmen XYZ wurde 1971 gegr\u00fcndet und versorgt die \u00d6ffentlichkeit seither mit qualitativ hochwertigen Produkten. An seinem Standort in einer kleinen Gro\u00dfstadt besch\u00e4ftigt der Betrieb \u00fcber 2.000 Menschen und unterst\u00fctzt die Stadtbewohner in vielfacher Hinsicht.<\/p><\/blockquote>\n\n\n\n<p>Als neuer WordPress-Benutzer solltest du <a href=\"https:\/\/protection.www.p-3-security.com\/wp-admin\/\">dein Dashboard<\/a> aufrufen, um diese Seite zu l\u00f6schen und neue Seiten und Beitr\u00e4ge f\u00fcr deine Website erstellen. Viel Spa\u00df!<\/p>\n","protected":false},"excerpt":{"rendered":"<p>Dies ist eine Beispiel-Seite auf EN. Sie unterscheidet sich von Beitr\u00e4gen, da sie stets an derselben Stelle bleibt und (bei den meisten Themes) in der Website-Navigation angezeigt wird. Die meisten starten mit einem Impressum, der Datenschutzerkl\u00e4rung oder einer \u201e\u00dcber\u00a0uns\u201c-Seite, um sich potenziellen Besuchern der Website vorzustellen. Dort k\u00f6nnte zum Beispiel stehen: Hallo! Tags\u00fcber arbeite ich [&#8230;]\n","protected":false},"author":1,"featured_media":0,"parent":0,"menu_order":0,"comment_status":"closed","ping_status":"closed","template":"","meta":{"_acf_changed":false,"footnotes":""},"class_list":["post-907","page","type-page","status-publish","hentry"],"acf":[],"yoast_head":"<!-- This site is optimized with the Yoast SEO plugin v27.1.1 - https:\/\/yoast.com\/product\/yoast-seo-wordpress\/ -->\n<title>Beispiel-Seite EN - Certified Close Protection<\/title>\n<meta name=\"robots\" content=\"index, follow, max-snippet:-1, max-image-preview:large, max-video-preview:-1\" \/>\n<link rel=\"canonical\" href=\"https:\/\/www.cc-protection.com\/beispiel-seite\/\" \/>\n<meta property=\"og:locale\" content=\"en_US\" \/>\n<meta property=\"og:type\" content=\"article\" \/>\n<meta property=\"og:title\" content=\"Beispiel-Seite EN - Certified Close Protection\" \/>\n<meta property=\"og:description\" content=\"Dies ist eine Beispiel-Seite auf EN. Sie unterscheidet sich von Beitr\u00e4gen, da sie stets an derselben Stelle bleibt und (bei den meisten Themes) in der Website-Navigation angezeigt wird. Die meisten starten mit einem Impressum, der Datenschutzerkl\u00e4rung oder einer \u201e\u00dcber\u00a0uns\u201c-Seite, um sich potenziellen Besuchern der Website vorzustellen. Dort k\u00f6nnte zum Beispiel stehen: Hallo! Tags\u00fcber arbeite ich [...]\" \/>\n<meta property=\"og:url\" content=\"https:\/\/www.cc-protection.com\/beispiel-seite\/\" \/>\n<meta property=\"og:site_name\" content=\"Certified Close Protection\" \/>\n<meta property=\"article:modified_time\" content=\"2021-10-21T09:51:21+00:00\" \/>\n<meta name=\"twitter:card\" content=\"summary_large_image\" \/>\n<meta name=\"twitter:label1\" content=\"Est. reading time\" \/>\n\t<meta name=\"twitter:data1\" content=\"1 minute\" \/>\n<script type=\"application\/ld+json\" class=\"yoast-schema-graph\">{\"@context\":\"https:\/\/schema.org\",\"@graph\":[{\"@type\":\"WebPage\",\"@id\":\"https:\/\/www.cc-protection.com\/beispiel-seite\/\",\"url\":\"https:\/\/www.cc-protection.com\/beispiel-seite\/\",\"name\":\"Beispiel-Seite EN - Certified Close Protection\",\"isPartOf\":{\"@id\":\"https:\/\/cc-protection.com\/#website\"},\"datePublished\":\"2021-07-20T08:57:58+00:00\",\"dateModified\":\"2021-10-21T09:51:21+00:00\",\"breadcrumb\":{\"@id\":\"https:\/\/www.cc-protection.com\/beispiel-seite\/#breadcrumb\"},\"inLanguage\":\"en-US\",\"potentialAction\":[{\"@type\":\"ReadAction\",\"target\":[\"https:\/\/www.cc-protection.com\/beispiel-seite\/\"]}]},{\"@type\":\"BreadcrumbList\",\"@id\":\"https:\/\/www.cc-protection.com\/beispiel-seite\/#breadcrumb\",\"itemListElement\":[{\"@type\":\"ListItem\",\"position\":1,\"name\":\"Home\",\"item\":\"https:\/\/www.cc-protection.com\/en\/home-page\/\"},{\"@type\":\"ListItem\",\"position\":2,\"name\":\"Beispiel-Seite EN\"}]},{\"@type\":\"WebSite\",\"@id\":\"https:\/\/cc-protection.com\/#website\",\"url\":\"https:\/\/cc-protection.com\/\",\"name\":\"Certified Close Protection\",\"description\":\"Eine weitere P3 Security Sites Website\",\"potentialAction\":[{\"@type\":\"SearchAction\",\"target\":{\"@type\":\"EntryPoint\",\"urlTemplate\":\"https:\/\/cc-protection.com\/?s={search_term_string}\"},\"query-input\":{\"@type\":\"PropertyValueSpecification\",\"valueRequired\":true,\"valueName\":\"search_term_string\"}}],\"inLanguage\":\"en-US\"}]}<\/script>\n<!-- \/ Yoast SEO plugin. -->","yoast_head_json":{"title":"Beispiel-Seite EN - Certified Close Protection","robots":{"index":"index","follow":"follow","max-snippet":"max-snippet:-1","max-image-preview":"max-image-preview:large","max-video-preview":"max-video-preview:-1"},"canonical":"https:\/\/www.cc-protection.com\/beispiel-seite\/","og_locale":"en_US","og_type":"article","og_title":"Beispiel-Seite EN - Certified Close Protection","og_description":"Dies ist eine Beispiel-Seite auf EN. Sie unterscheidet sich von Beitr\u00e4gen, da sie stets an derselben Stelle bleibt und (bei den meisten Themes) in der Website-Navigation angezeigt wird. Die meisten starten mit einem Impressum, der Datenschutzerkl\u00e4rung oder einer \u201e\u00dcber\u00a0uns\u201c-Seite, um sich potenziellen Besuchern der Website vorzustellen. Dort k\u00f6nnte zum Beispiel stehen: Hallo! Tags\u00fcber arbeite ich [...]","og_url":"https:\/\/www.cc-protection.com\/beispiel-seite\/","og_site_name":"Certified Close Protection","article_modified_time":"2021-10-21T09:51:21+00:00","twitter_card":"summary_large_image","twitter_misc":{"Est. reading time":"1 minute"},"schema":{"@context":"https:\/\/schema.org","@graph":[{"@type":"WebPage","@id":"https:\/\/www.cc-protection.com\/beispiel-seite\/","url":"https:\/\/www.cc-protection.com\/beispiel-seite\/","name":"Beispiel-Seite EN - Certified Close Protection","isPartOf":{"@id":"https:\/\/cc-protection.com\/#website"},"datePublished":"2021-07-20T08:57:58+00:00","dateModified":"2021-10-21T09:51:21+00:00","breadcrumb":{"@id":"https:\/\/www.cc-protection.com\/beispiel-seite\/#breadcrumb"},"inLanguage":"en-US","potentialAction":[{"@type":"ReadAction","target":["https:\/\/www.cc-protection.com\/beispiel-seite\/"]}]},{"@type":"BreadcrumbList","@id":"https:\/\/www.cc-protection.com\/beispiel-seite\/#breadcrumb","itemListElement":[{"@type":"ListItem","position":1,"name":"Home","item":"https:\/\/www.cc-protection.com\/en\/home-page\/"},{"@type":"ListItem","position":2,"name":"Beispiel-Seite EN"}]},{"@type":"WebSite","@id":"https:\/\/cc-protection.com\/#website","url":"https:\/\/cc-protection.com\/","name":"Certified Close Protection","description":"Eine weitere P3 Security Sites Website","potentialAction":[{"@type":"SearchAction","target":{"@type":"EntryPoint","urlTemplate":"https:\/\/cc-protection.com\/?s={search_term_string}"},"query-input":{"@type":"PropertyValueSpecification","valueRequired":true,"valueName":"search_term_string"}}],"inLanguage":"en-US"}]}},"_links":{"self":[{"href":"https:\/\/www.cc-protection.com\/en\/wp-json\/wp\/v2\/pages\/907","targetHints":{"allow":["GET"]}}],"collection":[{"href":"https:\/\/www.cc-protection.com\/en\/wp-json\/wp\/v2\/pages"}],"about":[{"href":"https:\/\/www.cc-protection.com\/en\/wp-json\/wp\/v2\/types\/page"}],"author":[{"embeddable":true,"href":"https:\/\/www.cc-protection.com\/en\/wp-json\/wp\/v2\/users\/1"}],"replies":[{"embeddable":true,"href":"https:\/\/www.cc-protection.com\/en\/wp-json\/wp\/v2\/comments?post=907"}],"version-history":[{"count":2,"href":"https:\/\/www.cc-protection.com\/en\/wp-json\/wp\/v2\/pages\/907\/revisions"}],"predecessor-version":[{"id":909,"href":"https:\/\/www.cc-protection.com\/en\/wp-json\/wp\/v2\/pages\/907\/revisions\/909"}],"wp:attachment":[{"href":"https:\/\/www.cc-protection.com\/en\/wp-json\/wp\/v2\/media?parent=907"}],"curies":[{"name":"wp","href":"https:\/\/api.w.org\/{rel}","templated":true}]}}